{"id":430,"date":"2020-10-08T14:48:49","date_gmt":"2020-10-08T12:48:49","guid":{"rendered":"http:\/\/finosc.pl\/?page_id=430"},"modified":"2022-02-18T13:13:40","modified_gmt":"2022-02-18T12:13:40","slug":"wazne-telefony-2","status":"publish","type":"page","link":"https:\/\/finosc.pl\/?page_id=430","title":{"rendered":"Wa\u017cne telefony"},"content":{"rendered":"\n<p class=\"has-medium-font-size\"><strong>Fino s.c. <\/strong>zarz\u0105dzanie nieruchomo\u015bciami s.c.<\/p>\n\n\n\n<p class=\"has-medium-font-size\">tel. <strong>91 812 8445<br>tel. 91 812 8446<br>tel. kom. 505 970 968<\/strong><\/p>\n\n\n\n<p><\/p>\n\n\n\n<p><\/p>\n\n\n\n<p><strong>Pogotowie lokatorskie<\/strong> : 91 488 09 86<\/p>\n\n\n\n<p>S\u0142u\u017cby miejskie :<br>\u2022999: Pogotowie<br>\u2022 998: Stra\u017c Po\u017carna<br>\u2022 997: Policja<br>\u2022 994: Pogotowie Wodno &#8211; Kanalizacyjne<br>\u2022 993: Pogotowie Ciep\u0142ownicze<br>\u2022 992: Pogotowie Gazowe<br>\u2022 991: Pogotowie Energetyczne<br>\u2022 988: Telefon Zaufania<br>\u2022 986: Stra\u017c miejska<\/p>\n\n\n\n<p><\/p>\n","protected":false},"excerpt":{"rendered":"<p>Fino s.c. zarz\u0105dzanie nieruchomo\u015bciami s.c. tel. 91 812 8445tel. 91 812 8446tel. kom. 505 970 968 Pogotowie lokatorskie : 91 488 09 86 S\u0142u\u017cby miejskie :\u2022999: Pogotowie\u2022 998: Stra\u017c Po\u017carna\u2022 997: Policja\u2022 994: Pogotowie Wodno &#8211; Kanalizacyjne\u2022 993: Pogotowie Ciep\u0142ownicze\u2022 992: Pogotowie Gazowe\u2022 991: Pogotowie Energetyczne\u2022 988: Telefon Zaufania\u2022 986: Stra\u017c miejska<\/p>\n","protected":false},"author":1,"featured_media":0,"parent":0,"menu_order":0,"comment_status":"closed","ping_status":"closed","template":"","meta":{"footnotes":""},"class_list":["post-430","page","type-page","status-publish","hentry"],"_links":{"self":[{"href":"https:\/\/finosc.pl\/index.php?rest_route=\/wp\/v2\/pages\/430"}],"collection":[{"href":"https:\/\/finosc.pl\/index.php?rest_route=\/wp\/v2\/pages"}],"about":[{"href":"https:\/\/finosc.pl\/index.php?rest_route=\/wp\/v2\/types\/page"}],"author":[{"embeddable":true,"href":"https:\/\/finosc.pl\/index.php?rest_route=\/wp\/v2\/users\/1"}],"replies":[{"embeddable":true,"href":"https:\/\/finosc.pl\/index.php?rest_route=%2Fwp%2Fv2%2Fcomments&post=430"}],"version-history":[{"count":4,"href":"https:\/\/finosc.pl\/index.php?rest_route=\/wp\/v2\/pages\/430\/revisions"}],"predecessor-version":[{"id":501,"href":"https:\/\/finosc.pl\/index.php?rest_route=\/wp\/v2\/pages\/430\/revisions\/501"}],"wp:attachment":[{"href":"https:\/\/finosc.pl\/index.php?rest_route=%2Fwp%2Fv2%2Fmedia&parent=430"}],"curies":[{"name":"wp","href":"https:\/\/api.w.org\/{rel}","templated":true}]}}