{"id":222,"date":"2019-02-12T14:15:37","date_gmt":"2019-02-12T13:15:37","guid":{"rendered":"http:\/\/finosc.pl\/?page_id=222"},"modified":"2024-11-18T16:33:16","modified_gmt":"2024-11-18T15:33:16","slug":"kontakt2","status":"publish","type":"page","link":"https:\/\/finosc.pl\/?page_id=222","title":{"rendered":"Wodomierze"},"content":{"rendered":"\n<p>Formularz zg\u0142oszenia stanu wodomierzy w Pa\u0144stwa lokalu.<\/p>\n\n\n\n<p>Prosz\u0119 o dok\u0142adne wype\u0142nienie wszystkich danych w formularzu.<\/p>\n\n\n\n<p>Na wodomierzu odczytujemy i wprowadzamy TYLKO cyfry znajduj\u0105ce si\u0119 na <strong><span style=\"text-decoration: underline;\">czarnych polach<\/span><\/strong>.<\/p>\n\n\n<div class=\"wpforms-container wpforms-container-full wpforms-block wpforms-block-c2133d4a-f2c4-46ee-b728-03f95f8005e3\" id=\"wpforms-691\"><form id=\"wpforms-form-691\" class=\"wpforms-validate wpforms-form wpforms-ajax-form\" data-formid=\"691\" method=\"post\" enctype=\"multipart\/form-data\" action=\"\/index.php?rest_route=%2Fwp%2Fv2%2Fpages%2F222\" data-token=\"6bcfacd218fbc1f54648839d1046895e\" data-token-time=\"1776170878\"><noscript class=\"wpforms-error-noscript\">Aby wype\u0142ni\u0107 ten formularz, w\u0142\u0105cz obs\u0142ug\u0119 JavaScript w przegl\u0105darce.<\/noscript><div class=\"wpforms-field-container\"><div id=\"wpforms-691-field_3-container\" class=\"wpforms-field wpforms-field-name\" data-field-id=\"3\"><label class=\"wpforms-field-label\" for=\"wpforms-691-field_3\">Imi\u0119 i nazwisko <span class=\"wpforms-required-label\">*<\/span><\/label><div class=\"wpforms-field-row wpforms-field-medium\"><div class=\"wpforms-field-row-block wpforms-first wpforms-one-half\"><input type=\"text\" id=\"wpforms-691-field_3\" class=\"wpforms-field-name-first wpforms-field-required\" name=\"wpforms[fields][3][first]\" required><label for=\"wpforms-691-field_3\" class=\"wpforms-field-sublabel after\">Imi\u0119<\/label><\/div><div class=\"wpforms-field-row-block wpforms-one-half\"><input type=\"text\" id=\"wpforms-691-field_3-last\" class=\"wpforms-field-name-last wpforms-field-required\" name=\"wpforms[fields][3][last]\" required><label for=\"wpforms-691-field_3-last\" class=\"wpforms-field-sublabel after\">Nazwisko<\/label><\/div><\/div><\/div><div id=\"wpforms-691-field_4-container\" class=\"wpforms-field wpforms-field-text\" data-field-id=\"4\"><label class=\"wpforms-field-label\" for=\"wpforms-691-field_4\">Adres lokalu <span class=\"wpforms-required-label\">*<\/span><\/label><input type=\"text\" id=\"wpforms-691-field_4\" class=\"wpforms-field-medium wpforms-field-required wpforms-limit-characters-enabled\" data-form-id=\"691\" data-field-id=\"4\" data-text-limit=\"250\" name=\"wpforms[fields][4]\" maxlength=\"250\" required><\/div><div id=\"wpforms-691-field_7-container\" class=\"wpforms-field wpforms-field-text\" data-field-id=\"7\"><label class=\"wpforms-field-label\" for=\"wpforms-691-field_7\">kuchnia<\/label><input type=\"text\" id=\"wpforms-691-field_7\" class=\"wpforms-field-small wpforms-limit-characters-enabled\" data-form-id=\"691\" data-field-id=\"7\" data-text-limit=\"6\" name=\"wpforms[fields][7]\" maxlength=\"6\" ><\/div><div id=\"wpforms-691-field_5-container\" class=\"wpforms-field wpforms-field-text\" data-field-id=\"5\"><label class=\"wpforms-field-label\" for=\"wpforms-691-field_5\">\u0142azienka<\/label><input type=\"text\" id=\"wpforms-691-field_5\" class=\"wpforms-field-small wpforms-limit-characters-enabled\" data-form-id=\"691\" data-field-id=\"5\" data-text-limit=\"6\" name=\"wpforms[fields][5]\" maxlength=\"6\" ><\/div><div id=\"wpforms-691-field_8-container\" class=\"wpforms-field wpforms-field-textarea\" data-field-id=\"8\"><label class=\"wpforms-field-label\" for=\"wpforms-691-field_8\">Uwagi<\/label><textarea id=\"wpforms-691-field_8\" class=\"wpforms-field-small wpforms-limit-characters-enabled\" data-form-id=\"691\" data-field-id=\"8\" data-text-limit=\"150\" name=\"wpforms[fields][8]\" maxlength=\"150\" >Prosz\u0119 uzupe\u0142ni\u0107 w przypadku dodatkowych licznik\u00f3w wody.<\/textarea><\/div><\/div><!-- .wpforms-field-container --><div class=\"wpforms-submit-container\" ><input type=\"hidden\" name=\"wpforms[id]\" value=\"691\"><input type=\"hidden\" name=\"page_title\" value=\"\"><input type=\"hidden\" name=\"page_url\" value=\"https:\/\/finosc.pl\/index.php?rest_route=%2Fwp%2Fv2%2Fpages%2F222\"><button type=\"submit\" name=\"wpforms[submit]\" id=\"wpforms-submit-691\" class=\"wpforms-submit\" data-alt-text=\"Wysy\u0142anie...\" data-submit-text=\"Prze\u015blij\" aria-live=\"assertive\" value=\"wpforms-submit\">Prze\u015blij<\/button><img loading=\"lazy\" decoding=\"async\" src=\"https:\/\/finosc.pl\/wp-content\/plugins\/wpforms-lite\/assets\/images\/submit-spin.svg\" class=\"wpforms-submit-spinner\" style=\"display: none;\" width=\"26\" height=\"26\" alt=\"Wczytywanie\"><\/div><\/form><\/div>  <!-- .wpforms-container -->","protected":false},"excerpt":{"rendered":"<p>Formularz zg\u0142oszenia stanu wodomierzy w Pa\u0144stwa lokalu. Prosz\u0119 o dok\u0142adne wype\u0142nienie wszystkich danych w formularzu. Na wodomierzu odczytujemy i wprowadzamy TYLKO cyfry znajduj\u0105ce si\u0119 na czarnych polach.<\/p>\n","protected":false},"author":1,"featured_media":0,"parent":0,"menu_order":0,"comment_status":"closed","ping_status":"closed","template":"","meta":{"footnotes":""},"class_list":["post-222","page","type-page","status-publish","hentry"],"_links":{"self":[{"href":"https:\/\/finosc.pl\/index.php?rest_route=\/wp\/v2\/pages\/222"}],"collection":[{"href":"https:\/\/finosc.pl\/index.php?rest_route=\/wp\/v2\/pages"}],"about":[{"href":"https:\/\/finosc.pl\/index.php?rest_route=\/wp\/v2\/types\/page"}],"author":[{"embeddable":true,"href":"https:\/\/finosc.pl\/index.php?rest_route=\/wp\/v2\/users\/1"}],"replies":[{"embeddable":true,"href":"https:\/\/finosc.pl\/index.php?rest_route=%2Fwp%2Fv2%2Fcomments&post=222"}],"version-history":[{"count":10,"href":"https:\/\/finosc.pl\/index.php?rest_route=\/wp\/v2\/pages\/222\/revisions"}],"predecessor-version":[{"id":699,"href":"https:\/\/finosc.pl\/index.php?rest_route=\/wp\/v2\/pages\/222\/revisions\/699"}],"wp:attachment":[{"href":"https:\/\/finosc.pl\/index.php?rest_route=%2Fwp%2Fv2%2Fmedia&parent=222"}],"curies":[{"name":"wp","href":"https:\/\/api.w.org\/{rel}","templated":true}]}}