{"id":21,"date":"2018-02-14T00:38:43","date_gmt":"2018-02-13T23:38:43","guid":{"rendered":"http:\/\/fido.kamala-design.pl\/?page_id=21"},"modified":"2019-04-18T12:53:44","modified_gmt":"2019-04-18T10:53:44","slug":"do-pobrania","status":"publish","type":"page","link":"https:\/\/finosc.pl\/?page_id=21","title":{"rendered":"Do pobrania"},"content":{"rendered":"<ul>\n<li>\n<h3><a href=\"http:\/\/finosc.pl\/wp-content\/uploads\/2019\/03\/informacja_dla_nowych_wl.pdf\" target=\"_blank\" rel=\"noopener noreferrer\">Informacja dla nowych w\u0142a\u015bcicieli<\/a><\/h3>\n<\/li>\n<li>\n<h3><a href=\"http:\/\/finosc.pl\/wp-content\/uploads\/2019\/03\/oswiadczenie_o_liczbie_osob.pdf\" target=\"_blank\" rel=\"noopener noreferrer\">O\u015bwiadczenie o liczbie zamieszkanych os\u00f3b<\/a><\/h3>\n<\/li>\n<li>\n<h3><a href=\"http:\/\/finosc.pl\/wp-content\/uploads\/2019\/03\/pelnomocnictwo.pdf\" target=\"_blank\" rel=\"noopener noreferrer\">Pe\u0142nomocnictwo sta\u0142e na zebrania WM<\/a><\/h3>\n<\/li>\n<li>\n<h3><a href=\"http:\/\/finosc.pl\/wp-content\/uploads\/2019\/03\/pel-jed-fino.pdf\" target=\"_blank\" rel=\"noopener noreferrer\">Pe\u0142nomocnictwo jednorazowe na zebranie WM<\/a><\/h3>\n<\/li>\n<li>\n<h3><a href=\"http:\/\/finosc.pl\/wp-content\/uploads\/2019\/03\/pro\u015bba-o-zwrot-nadp\u0142aty.pdf\" target=\"_blank\" rel=\"noopener noreferrer\">Wniosek o zwrot nadp\u0142aty<\/a><\/h3>\n<\/li>\n<li>\n<h3><a href=\"http:\/\/finosc.pl\/wp-content\/uploads\/2019\/04\/email-glosowanie.pdf\" target=\"_blank\" rel=\"noopener noreferrer\">G\u0142osowanie poprzez E-mail<\/a><\/h3>\n<\/li>\n<li>\n<h3><a href=\"http:\/\/finosc.pl\/wp-content\/uploads\/2019\/04\/email-wymiar_op\u0142at.pdf\" target=\"_blank\" rel=\"noopener noreferrer\">Wymiar op\u0142at poprzez E-mail<\/a><\/h3>\n<\/li>\n<li>\n<h3><a href=\"http:\/\/finosc.pl\/wp-content\/uploads\/2019\/03\/Ustawa-o-wlasnosci-lokali.pdf\" target=\"_blank\" rel=\"noopener noreferrer\">Ustawa o w\u0142asno\u015bci lokali<\/a><\/h3>\n<\/li>\n<li>\n<h3><a href=\"http:\/\/finosc.pl\/wp-content\/uploads\/2019\/03\/kodeks-cywilny.pdf\" target=\"_blank\" rel=\"noopener noreferrer\">Kodeks cywilny<\/a><\/h3>\n<\/li>\n<li>\n<h3><a href=\"http:\/\/finosc.pl\/wp-content\/uploads\/2019\/03\/ustawa_o_ochronie_konkurencji_i_konsumentow_tekst_ujednolicony.pdf\" target=\"_blank\" rel=\"noopener noreferrer\">Ustawa o ochronie konkurencji i konsument\u00f3w<\/a><\/h3>\n<\/li>\n<li>\n<h3><a href=\"http:\/\/finosc.pl\/wp-content\/uploads\/2019\/03\/ksiegi-wieczyste.pdf\" target=\"_blank\" rel=\"noopener noreferrer\">Ustawa z dnia 6 lipca 1982 r. o ksi\u0119gach wieczystych i hipotece<\/a><\/h3>\n<\/li>\n<li>\n<h3><a href=\"http:\/\/finosc.pl\/wp-content\/uploads\/2019\/03\/warunki-techniczen-budynkow.pdf\" target=\"_blank\" rel=\"noopener noreferrer\">Rozporz\u0105dzenie w sprawie warunk\u00f3w technicznych<\/a><\/h3>\n<\/li>\n<li>\n<h3><a href=\"http:\/\/finosc.pl\/wp-content\/uploads\/2019\/03\/prawo-budowlane.pdf\" target=\"_blank\" rel=\"noopener noreferrer\">Prawo budowlane<\/a><\/h3>\n<\/li>\n<li>\n<h3><a href=\"http:\/\/finosc.pl\/wp-content\/uploads\/2019\/03\/rozporzadzenie-o-budynkach-mieszkalnych.pdf\" target=\"_blank\" rel=\"noopener noreferrer\">Rozporz\u0105dzenie w sprawie warunk\u00f3w technicznych u\u017cytkowania budynk\u00f3w mieszkalnych<\/a><\/h3>\n<\/li>\n<li>\n<h3><a href=\"http:\/\/finosc.pl\/wp-content\/uploads\/2019\/03\/ministerstwosrodowiskaprzewodnikdlagminnet.pdf\" target=\"_blank\" rel=\"noopener noreferrer\">Jak segregowa\u0107 odpady<\/a><\/h3>\n<\/li>\n<li>\n<h3><a href=\"http:\/\/finosc.pl\/wp-content\/uploads\/2019\/03\/wazne-telefony.pdf\" target=\"_blank\" rel=\"noopener noreferrer\">Wa\u017cne telefony<\/a><\/h3>\n<\/li>\n<\/ul>\n","protected":false},"excerpt":{"rendered":"<p>Informacja dla nowych w\u0142a\u015bcicieli O\u015bwiadczenie o liczbie zamieszkanych os\u00f3b Pe\u0142nomocnictwo sta\u0142e na zebrania WM Pe\u0142nomocnictwo jednorazowe na zebranie WM Wniosek o zwrot nadp\u0142aty G\u0142osowanie poprzez E-mail Wymiar op\u0142at poprzez E-mail Ustawa o w\u0142asno\u015bci lokali Kodeks cywilny Ustawa o ochronie konkurencji i konsument\u00f3w Ustawa z dnia 6 lipca 1982 r. o ksi\u0119gach wieczystych i hipotece Rozporz\u0105dzenie&#8230;<\/p>\n","protected":false},"author":1,"featured_media":0,"parent":0,"menu_order":0,"comment_status":"closed","ping_status":"closed","template":"","meta":{"footnotes":""},"class_list":["post-21","page","type-page","status-publish","hentry"],"_links":{"self":[{"href":"https:\/\/finosc.pl\/index.php?rest_route=\/wp\/v2\/pages\/21"}],"collection":[{"href":"https:\/\/finosc.pl\/index.php?rest_route=\/wp\/v2\/pages"}],"about":[{"href":"https:\/\/finosc.pl\/index.php?rest_route=\/wp\/v2\/types\/page"}],"author":[{"embeddable":true,"href":"https:\/\/finosc.pl\/index.php?rest_route=\/wp\/v2\/users\/1"}],"replies":[{"embeddable":true,"href":"https:\/\/finosc.pl\/index.php?rest_route=%2Fwp%2Fv2%2Fcomments&post=21"}],"version-history":[{"count":17,"href":"https:\/\/finosc.pl\/index.php?rest_route=\/wp\/v2\/pages\/21\/revisions"}],"predecessor-version":[{"id":330,"href":"https:\/\/finosc.pl\/index.php?rest_route=\/wp\/v2\/pages\/21\/revisions\/330"}],"wp:attachment":[{"href":"https:\/\/finosc.pl\/index.php?rest_route=%2Fwp%2Fv2%2Fmedia&parent=21"}],"curies":[{"name":"wp","href":"https:\/\/api.w.org\/{rel}","templated":true}]}}